{"id":2358,"date":"2026-02-10T16:10:48","date_gmt":"2026-02-10T16:10:48","guid":{"rendered":"https:\/\/lighting-emotion.art\/?page_id=2358"},"modified":"2026-02-10T16:21:40","modified_gmt":"2026-02-10T16:21:40","slug":"danke-erstgespraech","status":"publish","type":"page","link":"https:\/\/lighting-emotion.art\/en\/danke-erstgespraech\/","title":{"rendered":"Danke f\u00fcr Ihre Anfrage"},"content":{"rendered":"<div data-elementor-type=\"wp-page\" data-elementor-id=\"2358\" class=\"elementor elementor-2358\" data-elementor-post-type=\"page\">\n\t\t\t\t<div class=\"elementor-element elementor-element-d44cb91 e-flex e-con-boxed e-con e-parent\" data-id=\"d44cb91\" data-element_type=\"container\" data-e-type=\"container\">\n\t\t\t\t\t<div class=\"e-con-inner\">\n\t\t\t\t\t<\/div>\n\t\t\t\t<\/div>\n\t\t<div class=\"elementor-element elementor-element-8923812 e-flex e-con-boxed e-con e-parent\" data-id=\"8923812\" data-element_type=\"container\" data-e-type=\"container\">\n\t\t\t\t\t<div class=\"e-con-inner\">\n\t\t\t\t<div class=\"elementor-element elementor-element-d3723a7 elementor-widget elementor-widget-heading\" data-id=\"d3723a7\" data-element_type=\"widget\" data-e-type=\"widget\" data-widget_type=\"heading.default\">\n\t\t\t\t<div class=\"elementor-widget-container\">\n\t\t\t\t\t<h2 class=\"elementor-heading-title elementor-size-default\">Danke f\u00fcr Ihre Anfrage, wir melden uns pers\u00f6hnlich bei Ihnen.<\/h2>\t\t\t\t<\/div>\n\t\t\t\t<\/div>\n\t\t\t\t\t<\/div>\n\t\t\t\t<\/div>\n\t\t<div class=\"elementor-element elementor-element-50449b0 e-flex e-con-boxed e-con e-parent\" data-id=\"50449b0\" data-element_type=\"container\" data-e-type=\"container\">\n\t\t\t\t\t<div class=\"e-con-inner\">\n\t\t\t\t<div class=\"elementor-element elementor-element-5bbbed1 elementor-widget elementor-widget-image\" data-id=\"5bbbed1\" data-element_type=\"widget\" data-e-type=\"widget\" data-widget_type=\"image.default\">\n\t\t\t\t<div class=\"elementor-widget-container\">\n\t\t\t\t\t\t\t\t\t\t\t\t\t\t\t\t<a href=\"https:\/\/lighting-emotion.art\/en\/\">\n\t\t\t\t\t\t\t<img fetchpriority=\"high\" decoding=\"async\" width=\"300\" height=\"300\" src=\"https:\/\/lighting-emotion.art\/wp-content\/uploads\/2025\/01\/Captura-de-pantalla-2025-01-27-a-las-13.40.20-300x300.png\" class=\"attachment-medium size-medium wp-image-1336\" alt=\"\" srcset=\"https:\/\/lighting-emotion.art\/wp-content\/uploads\/2025\/01\/Captura-de-pantalla-2025-01-27-a-las-13.40.20-300x300.png 300w, https:\/\/lighting-emotion.art\/wp-content\/uploads\/2025\/01\/Captura-de-pantalla-2025-01-27-a-las-13.40.20-150x150.png 150w, https:\/\/lighting-emotion.art\/wp-content\/uploads\/2025\/01\/Captura-de-pantalla-2025-01-27-a-las-13.40.20-12x12.png 12w, https:\/\/lighting-emotion.art\/wp-content\/uploads\/2025\/01\/Captura-de-pantalla-2025-01-27-a-las-13.40.20.png 562w\" sizes=\"(max-width: 300px) 100vw, 300px\" \/>\t\t\t\t\t\t\t\t<\/a>\n\t\t\t\t\t\t\t\t\t\t\t\t\t\t\t<\/div>\n\t\t\t\t<\/div>\n\t\t\t\t\t<\/div>\n\t\t\t\t<\/div>\n\t\t\t\t<\/div>","protected":false},"excerpt":{"rendered":"<p>Danke f\u00fcr Ihre Anfrage, wir melden uns pers\u00f6hnlich bei Ihnen.<\/p>","protected":false},"author":2,"featured_media":0,"parent":0,"menu_order":0,"comment_status":"closed","ping_status":"closed","template":"elementor_canvas","meta":{"footnotes":""},"class_list":["post-2358","page","type-page","status-publish","hentry"],"yoast_head":"<!-- This site is optimized with the Yoast SEO plugin v27.1.1 - https:\/\/yoast.com\/product\/yoast-seo-wordpress\/ -->\n<title>Danke f\u00fcr Ihre Anfrage - Lighting Emotion<\/title>\n<meta name=\"robots\" content=\"index, follow, max-snippet:-1, max-image-preview:large, max-video-preview:-1\" \/>\n<link rel=\"canonical\" href=\"https:\/\/lighting-emotion.art\/en\/danke-erstgespraech\/\" \/>\n<meta property=\"og:locale\" content=\"en_US\" \/>\n<meta property=\"og:type\" content=\"article\" \/>\n<meta property=\"og:title\" content=\"Danke f\u00fcr Ihre Anfrage - Lighting Emotion\" \/>\n<meta property=\"og:description\" content=\"Danke f\u00fcr Ihre Anfrage, wir melden uns pers\u00f6hnlich bei Ihnen.\" \/>\n<meta property=\"og:url\" content=\"https:\/\/lighting-emotion.art\/en\/danke-erstgespraech\/\" \/>\n<meta property=\"og:site_name\" content=\"Lighting Emotion\" \/>\n<meta property=\"article:modified_time\" content=\"2026-02-10T16:21:40+00:00\" \/>\n<meta property=\"og:image\" content=\"https:\/\/lighting-emotion.art\/wp-content\/uploads\/2025\/01\/Captura-de-pantalla-2025-01-27-a-las-13.40.20.png\" \/>\n\t<meta property=\"og:image:width\" content=\"562\" \/>\n\t<meta property=\"og:image:height\" content=\"562\" \/>\n\t<meta property=\"og:image:type\" content=\"image\/png\" \/>\n<meta name=\"twitter:card\" content=\"summary_large_image\" \/>\n<meta name=\"twitter:label1\" content=\"Est. reading time\" \/>\n\t<meta name=\"twitter:data1\" content=\"1 minute\" \/>\n<script type=\"application\/ld+json\" class=\"yoast-schema-graph\">{\"@context\":\"https:\/\/schema.org\",\"@graph\":[{\"@type\":\"WebPage\",\"@id\":\"https:\/\/lighting-emotion.art\/danke-erstgespraech\/\",\"url\":\"https:\/\/lighting-emotion.art\/danke-erstgespraech\/\",\"name\":\"Danke f\u00fcr Ihre Anfrage - Lighting Emotion\",\"isPartOf\":{\"@id\":\"https:\/\/lighting-emotion.art\/#website\"},\"primaryImageOfPage\":{\"@id\":\"https:\/\/lighting-emotion.art\/danke-erstgespraech\/#primaryimage\"},\"image\":{\"@id\":\"https:\/\/lighting-emotion.art\/danke-erstgespraech\/#primaryimage\"},\"thumbnailUrl\":\"https:\/\/lighting-emotion.art\/wp-content\/uploads\/2025\/01\/Captura-de-pantalla-2025-01-27-a-las-13.40.20-300x300.png\",\"datePublished\":\"2026-02-10T16:10:48+00:00\",\"dateModified\":\"2026-02-10T16:21:40+00:00\",\"breadcrumb\":{\"@id\":\"https:\/\/lighting-emotion.art\/danke-erstgespraech\/#breadcrumb\"},\"inLanguage\":\"en-US\",\"potentialAction\":[{\"@type\":\"ReadAction\",\"target\":[\"https:\/\/lighting-emotion.art\/danke-erstgespraech\/\"]}]},{\"@type\":\"ImageObject\",\"inLanguage\":\"en-US\",\"@id\":\"https:\/\/lighting-emotion.art\/danke-erstgespraech\/#primaryimage\",\"url\":\"https:\/\/lighting-emotion.art\/wp-content\/uploads\/2025\/01\/Captura-de-pantalla-2025-01-27-a-las-13.40.20-300x300.png\",\"contentUrl\":\"https:\/\/lighting-emotion.art\/wp-content\/uploads\/2025\/01\/Captura-de-pantalla-2025-01-27-a-las-13.40.20-300x300.png\"},{\"@type\":\"BreadcrumbList\",\"@id\":\"https:\/\/lighting-emotion.art\/danke-erstgespraech\/#breadcrumb\",\"itemListElement\":[{\"@type\":\"ListItem\",\"position\":1,\"name\":\"Home\",\"item\":\"https:\/\/lighting-emotion.art\/\"},{\"@type\":\"ListItem\",\"position\":2,\"name\":\"Danke f\u00fcr Ihre Anfrage\"}]},{\"@type\":\"WebSite\",\"@id\":\"https:\/\/lighting-emotion.art\/#website\",\"url\":\"https:\/\/lighting-emotion.art\/\",\"name\":\"Lighting Emotion\",\"description\":\"\",\"publisher\":{\"@id\":\"https:\/\/lighting-emotion.art\/#organization\"},\"potentialAction\":[{\"@type\":\"SearchAction\",\"target\":{\"@type\":\"EntryPoint\",\"urlTemplate\":\"https:\/\/lighting-emotion.art\/?s={search_term_string}\"},\"query-input\":{\"@type\":\"PropertyValueSpecification\",\"valueRequired\":true,\"valueName\":\"search_term_string\"}}],\"inLanguage\":\"en-US\"},{\"@type\":\"Organization\",\"@id\":\"https:\/\/lighting-emotion.art\/#organization\",\"name\":\"Lighting Emotion\",\"url\":\"https:\/\/lighting-emotion.art\/\",\"logo\":{\"@type\":\"ImageObject\",\"inLanguage\":\"en-US\",\"@id\":\"https:\/\/lighting-emotion.art\/#\/schema\/logo\/image\/\",\"url\":\"https:\/\/lighting-emotion.art\/wp-content\/uploads\/2025\/01\/8b014078b5baa72dc4739117143c0d48-e1773163289398.png\",\"contentUrl\":\"https:\/\/lighting-emotion.art\/wp-content\/uploads\/2025\/01\/8b014078b5baa72dc4739117143c0d48-e1773163289398.png\",\"width\":473,\"height\":395,\"caption\":\"Lighting Emotion\"},\"image\":{\"@id\":\"https:\/\/lighting-emotion.art\/#\/schema\/logo\/image\/\"}}]}<\/script>\n<!-- \/ Yoast SEO plugin. -->","yoast_head_json":{"title":"Danke f\u00fcr Ihre Anfrage - Lighting Emotion","robots":{"index":"index","follow":"follow","max-snippet":"max-snippet:-1","max-image-preview":"max-image-preview:large","max-video-preview":"max-video-preview:-1"},"canonical":"https:\/\/lighting-emotion.art\/en\/danke-erstgespraech\/","og_locale":"en_US","og_type":"article","og_title":"Danke f\u00fcr Ihre Anfrage - Lighting Emotion","og_description":"Danke f\u00fcr Ihre Anfrage, wir melden uns pers\u00f6hnlich bei Ihnen.","og_url":"https:\/\/lighting-emotion.art\/en\/danke-erstgespraech\/","og_site_name":"Lighting Emotion","article_modified_time":"2026-02-10T16:21:40+00:00","og_image":[{"width":562,"height":562,"url":"https:\/\/lighting-emotion.art\/wp-content\/uploads\/2025\/01\/Captura-de-pantalla-2025-01-27-a-las-13.40.20.png","type":"image\/png"}],"twitter_card":"summary_large_image","twitter_misc":{"Est. reading time":"1 minute"},"schema":{"@context":"https:\/\/schema.org","@graph":[{"@type":"WebPage","@id":"https:\/\/lighting-emotion.art\/danke-erstgespraech\/","url":"https:\/\/lighting-emotion.art\/danke-erstgespraech\/","name":"Danke f\u00fcr Ihre Anfrage - Lighting Emotion","isPartOf":{"@id":"https:\/\/lighting-emotion.art\/#website"},"primaryImageOfPage":{"@id":"https:\/\/lighting-emotion.art\/danke-erstgespraech\/#primaryimage"},"image":{"@id":"https:\/\/lighting-emotion.art\/danke-erstgespraech\/#primaryimage"},"thumbnailUrl":"https:\/\/lighting-emotion.art\/wp-content\/uploads\/2025\/01\/Captura-de-pantalla-2025-01-27-a-las-13.40.20-300x300.png","datePublished":"2026-02-10T16:10:48+00:00","dateModified":"2026-02-10T16:21:40+00:00","breadcrumb":{"@id":"https:\/\/lighting-emotion.art\/danke-erstgespraech\/#breadcrumb"},"inLanguage":"en-US","potentialAction":[{"@type":"ReadAction","target":["https:\/\/lighting-emotion.art\/danke-erstgespraech\/"]}]},{"@type":"ImageObject","inLanguage":"en-US","@id":"https:\/\/lighting-emotion.art\/danke-erstgespraech\/#primaryimage","url":"https:\/\/lighting-emotion.art\/wp-content\/uploads\/2025\/01\/Captura-de-pantalla-2025-01-27-a-las-13.40.20-300x300.png","contentUrl":"https:\/\/lighting-emotion.art\/wp-content\/uploads\/2025\/01\/Captura-de-pantalla-2025-01-27-a-las-13.40.20-300x300.png"},{"@type":"BreadcrumbList","@id":"https:\/\/lighting-emotion.art\/danke-erstgespraech\/#breadcrumb","itemListElement":[{"@type":"ListItem","position":1,"name":"Home","item":"https:\/\/lighting-emotion.art\/"},{"@type":"ListItem","position":2,"name":"Danke f\u00fcr Ihre Anfrage"}]},{"@type":"WebSite","@id":"https:\/\/lighting-emotion.art\/#website","url":"https:\/\/lighting-emotion.art\/","name":"Lighting Emotion","description":"","publisher":{"@id":"https:\/\/lighting-emotion.art\/#organization"},"potentialAction":[{"@type":"SearchAction","target":{"@type":"EntryPoint","urlTemplate":"https:\/\/lighting-emotion.art\/?s={search_term_string}"},"query-input":{"@type":"PropertyValueSpecification","valueRequired":true,"valueName":"search_term_string"}}],"inLanguage":"en-US"},{"@type":"Organization","@id":"https:\/\/lighting-emotion.art\/#organization","name":"Lighting Emotion","url":"https:\/\/lighting-emotion.art\/","logo":{"@type":"ImageObject","inLanguage":"en-US","@id":"https:\/\/lighting-emotion.art\/#\/schema\/logo\/image\/","url":"https:\/\/lighting-emotion.art\/wp-content\/uploads\/2025\/01\/8b014078b5baa72dc4739117143c0d48-e1773163289398.png","contentUrl":"https:\/\/lighting-emotion.art\/wp-content\/uploads\/2025\/01\/8b014078b5baa72dc4739117143c0d48-e1773163289398.png","width":473,"height":395,"caption":"Lighting Emotion"},"image":{"@id":"https:\/\/lighting-emotion.art\/#\/schema\/logo\/image\/"}}]}},"_links":{"self":[{"href":"https:\/\/lighting-emotion.art\/en\/wp-json\/wp\/v2\/pages\/2358","targetHints":{"allow":["GET"]}}],"collection":[{"href":"https:\/\/lighting-emotion.art\/en\/wp-json\/wp\/v2\/pages"}],"about":[{"href":"https:\/\/lighting-emotion.art\/en\/wp-json\/wp\/v2\/types\/page"}],"author":[{"embeddable":true,"href":"https:\/\/lighting-emotion.art\/en\/wp-json\/wp\/v2\/users\/2"}],"replies":[{"embeddable":true,"href":"https:\/\/lighting-emotion.art\/en\/wp-json\/wp\/v2\/comments?post=2358"}],"version-history":[{"count":13,"href":"https:\/\/lighting-emotion.art\/en\/wp-json\/wp\/v2\/pages\/2358\/revisions"}],"predecessor-version":[{"id":2375,"href":"https:\/\/lighting-emotion.art\/en\/wp-json\/wp\/v2\/pages\/2358\/revisions\/2375"}],"wp:attachment":[{"href":"https:\/\/lighting-emotion.art\/en\/wp-json\/wp\/v2\/media?parent=2358"}],"curies":[{"name":"wp","href":"https:\/\/api.w.org\/{rel}","templated":true}]}}