{"id":2229,"date":"2026-02-06T09:06:05","date_gmt":"2026-02-06T09:06:05","guid":{"rendered":"https:\/\/lighting-emotion.art\/?page_id=2229"},"modified":"2026-03-12T17:38:48","modified_gmt":"2026-03-12T17:38:48","slug":"unverbindliches-erstgesprach","status":"publish","type":"page","link":"https:\/\/lighting-emotion.art\/en\/unverbindliches-erstgesprach\/","title":{"rendered":"Unverbindliches Erstgespr\u00e4ch"},"content":{"rendered":"\t\t<div data-elementor-type=\"wp-page\" data-elementor-id=\"2229\" class=\"elementor elementor-2229\" data-elementor-post-type=\"page\">\n\t\t\t\t<div class=\"elementor-element elementor-element-4e27283 e-flex e-con-boxed e-con e-parent\" data-id=\"4e27283\" data-element_type=\"container\" data-e-type=\"container\">\n\t\t\t\t\t<div class=\"e-con-inner\">\n\t\t\t\t<div class=\"elementor-element elementor-element-f8a8290 elementor-widget elementor-widget-heading\" data-id=\"f8a8290\" data-element_type=\"widget\" data-e-type=\"widget\" data-widget_type=\"heading.default\">\n\t\t\t\t<div class=\"elementor-widget-container\">\n\t\t\t\t\t<h1 class=\"elementor-heading-title elementor-size-default\">Unverbindliches Erstgespr\u00e4ch<\/h1>\t\t\t\t<\/div>\n\t\t\t\t<\/div>\n\t\t\t\t\t<\/div>\n\t\t\t\t<\/div>\n\t\t<div class=\"elementor-element elementor-element-4201361 e-flex e-con-boxed e-con e-parent\" data-id=\"4201361\" data-element_type=\"container\" data-e-type=\"container\">\n\t\t\t\t\t<div class=\"e-con-inner\">\n\t\t\t\t<div class=\"elementor-element elementor-element-0f39230 elementor-widget elementor-widget-text-editor\" data-id=\"0f39230\" data-element_type=\"widget\" data-e-type=\"widget\" data-widget_type=\"text-editor.default\">\n\t\t\t\t<div class=\"elementor-widget-container\">\n\t\t\t\t\t\t\t\t\t<p>In einem kurzen, unverbindlichen Austausch kl\u00e4ren wir Ihr Anliegen.<br data-start=\"898\" data-end=\"901\" \/>Wir zeigen Ihnen strukturiert, welche M\u00f6glichkeiten bestehen und wie wir weiter vorgehen k\u00f6nnten.<\/p>\t\t\t\t\t\t\t\t<\/div>\n\t\t\t\t<\/div>\n\t\t\t\t\t<\/div>\n\t\t\t\t<\/div>\n\t\t<div class=\"elementor-element elementor-element-f76629d e-flex e-con-boxed e-con e-parent\" data-id=\"f76629d\" data-element_type=\"container\" data-e-type=\"container\">\n\t\t\t\t\t<div class=\"e-con-inner\">\n\t\t\t\t<div class=\"elementor-element elementor-element-fdfc7f4 elementor-button-align-start elementor-widget elementor-widget-form\" data-id=\"fdfc7f4\" data-element_type=\"widget\" data-e-type=\"widget\" data-settings=\"{&quot;step_next_label&quot;:&quot;Next&quot;,&quot;step_previous_label&quot;:&quot;Previous&quot;,&quot;button_width&quot;:&quot;100&quot;,&quot;step_type&quot;:&quot;number_text&quot;,&quot;step_icon_shape&quot;:&quot;circle&quot;}\" data-widget_type=\"form.default\">\n\t\t\t\t<div class=\"elementor-widget-container\">\n\t\t\t\t\t\t\t<form class=\"elementor-form\" method=\"post\" id=\"lead_erstgespraech\" name=\"Kontakt\" aria-label=\"Kontakt\">\n\t\t\t<input type=\"hidden\" name=\"post_id\" value=\"2229\"\/>\n\t\t\t<input type=\"hidden\" name=\"form_id\" value=\"fdfc7f4\"\/>\n\t\t\t<input type=\"hidden\" name=\"referer_title\" value=\"Unverbindliches Erstgespr\u00e4ch - Lighting Emotion\" \/>\n\n\t\t\t\t\t\t\t<input type=\"hidden\" name=\"queried_id\" value=\"2229\"\/>\n\t\t\t\n\t\t\t<div class=\"elementor-form-fields-wrapper elementor-labels-above\">\n\t\t\t\t\t\t\t\t<div class=\"elementor-field-type-text elementor-field-group elementor-column elementor-field-group-name elementor-col-100 elementor-field-required\">\n\t\t\t\t\t\t\t\t\t\t\t\t<label for=\"form-field-name\" class=\"elementor-field-label\">\n\t\t\t\t\t\t\t\tName\t\t\t\t\t\t\t<\/label>\n\t\t\t\t\t\t\t\t\t\t\t\t\t\t<input size=\"1\" type=\"text\" name=\"form_fields[name]\" id=\"form-field-name\" class=\"elementor-field elementor-size-sm  elementor-field-textual\" required=\"required\">\n\t\t\t\t\t\t\t\t\t\t\t<\/div>\n\t\t\t\t\t\t\t\t<div class=\"elementor-field-type-email elementor-field-group elementor-column elementor-field-group-field_e045b29 elementor-col-100 elementor-field-required\">\n\t\t\t\t\t\t\t\t\t\t\t\t<label for=\"form-field-field_e045b29\" class=\"elementor-field-label\">\n\t\t\t\t\t\t\t\tE-Mail\t\t\t\t\t\t\t<\/label>\n\t\t\t\t\t\t\t\t\t\t\t\t\t\t<input size=\"1\" type=\"email\" name=\"form_fields[field_e045b29]\" id=\"form-field-field_e045b29\" class=\"elementor-field elementor-size-sm  elementor-field-textual\" required=\"required\">\n\t\t\t\t\t\t\t\t\t\t\t<\/div>\n\t\t\t\t\t\t\t\t<div class=\"elementor-field-type-text elementor-field-group elementor-column elementor-field-group-field_ba86050 elementor-col-100\">\n\t\t\t\t\t\t\t\t\t\t\t\t<label for=\"form-field-field_ba86050\" class=\"elementor-field-label\">\n\t\t\t\t\t\t\t\tTelefon\t\t\t\t\t\t\t<\/label>\n\t\t\t\t\t\t\t\t\t\t\t\t\t\t<input size=\"1\" type=\"text\" name=\"form_fields[field_ba86050]\" id=\"form-field-field_ba86050\" class=\"elementor-field elementor-size-sm  elementor-field-textual\" placeholder=\"Telefonnummer (nur falls R\u00fcckruf gew\u00fcnscht)\">\n\t\t\t\t\t\t\t\t\t\t\t<\/div>\n\t\t\t\t\t\t\t\t<div class=\"elementor-field-type-textarea elementor-field-group elementor-column elementor-field-group-field_2224693 elementor-col-100\">\n\t\t\t\t\t\t\t\t\t\t\t\t<label for=\"form-field-field_2224693\" class=\"elementor-field-label\">\n\t\t\t\t\t\t\t\tNachricht\t\t\t\t\t\t\t<\/label>\n\t\t\t\t\t\t<textarea class=\"elementor-field-textual elementor-field  elementor-size-sm\" name=\"form_fields[field_2224693]\" id=\"form-field-field_2224693\" rows=\"4\" placeholder=\"gerne k\u00f6nnen Sie uns Ihr Anliegen hier vorab schildern\"><\/textarea>\t\t\t\t<\/div>\n\t\t\t\t\t\t\t\t<div class=\"elementor-field-group elementor-column elementor-field-type-submit elementor-col-100 e-form__buttons\">\n\t\t\t\t\t<button class=\"elementor-button elementor-size-md\" type=\"submit\">\n\t\t\t\t\t\t<span class=\"elementor-button-content-wrapper\">\n\t\t\t\t\t\t\t\t\t\t\t\t\t\t\t\t\t\t\t\t\t\t<span class=\"elementor-button-text\">Erstgespr\u00e4ch anfragen<\/span>\n\t\t\t\t\t\t\t\t\t\t\t\t\t<\/span>\n\t\t\t\t\t<\/button>\n\t\t\t\t<\/div>\n\t\t\t<\/div>\n\t\t<\/form>\n\t\t\t\t\t\t<\/div>\n\t\t\t\t<\/div>\n\t\t\t\t\t<\/div>\n\t\t\t\t<\/div>\n\t\t<div class=\"elementor-element elementor-element-7126af4 e-flex e-con-boxed e-con e-parent\" data-id=\"7126af4\" data-element_type=\"container\" data-e-type=\"container\">\n\t\t\t\t\t<div class=\"e-con-inner\">\n\t\t\t\t<div class=\"elementor-element elementor-element-63abc6d elementor-align-center elementor-widget elementor-widget-button\" data-id=\"63abc6d\" data-element_type=\"widget\" data-e-type=\"widget\" data-widget_type=\"button.default\">\n\t\t\t\t<div class=\"elementor-widget-container\">\n\t\t\t\t\t\t\t\t\t<div class=\"elementor-button-wrapper\">\n\t\t\t\t\t<a class=\"elementor-button elementor-button-link elementor-size-sm\" href=\"\">\n\t\t\t\t\t\t<span class=\"elementor-button-content-wrapper\">\n\t\t\t\t\t\t\t\t\t<span class=\"elementor-button-text\">Datenschutz<\/span>\n\t\t\t\t\t<\/span>\n\t\t\t\t\t<\/a>\n\t\t\t\t<\/div>\n\t\t\t\t\t\t\t\t<\/div>\n\t\t\t\t<\/div>\n\t\t\t\t\t<\/div>\n\t\t\t\t<\/div>\n\t\t\t\t<\/div>\n\t\t","protected":false},"excerpt":{"rendered":"<p>Unverbindliches Erstgespr\u00e4ch In einem kurzen, unverbindlichen Austausch kl\u00e4ren wir Ihr Anliegen.Wir zeigen Ihnen strukturiert, welche M\u00f6glichkeiten bestehen und wie wir weiter vorgehen k\u00f6nnten. Datenschutz<\/p>","protected":false},"author":2,"featured_media":0,"parent":0,"menu_order":0,"comment_status":"closed","ping_status":"closed","template":"elementor_canvas","meta":{"footnotes":""},"class_list":["post-2229","page","type-page","status-publish","hentry"],"yoast_head":"<!-- This site is optimized with the Yoast SEO plugin v27.1.1 - https:\/\/yoast.com\/product\/yoast-seo-wordpress\/ -->\n<title>Unverbindliches Erstgespr\u00e4ch - Lighting Emotion<\/title>\n<meta name=\"robots\" content=\"index, follow, max-snippet:-1, max-image-preview:large, max-video-preview:-1\" \/>\n<link rel=\"canonical\" href=\"https:\/\/lighting-emotion.art\/en\/unverbindliches-erstgesprach\/\" \/>\n<meta property=\"og:locale\" content=\"en_US\" \/>\n<meta property=\"og:type\" content=\"article\" \/>\n<meta property=\"og:title\" content=\"Unverbindliches Erstgespr\u00e4ch - Lighting Emotion\" \/>\n<meta property=\"og:description\" content=\"Unverbindliches Erstgespr\u00e4ch In einem kurzen, unverbindlichen Austausch kl\u00e4ren wir Ihr Anliegen.Wir zeigen Ihnen strukturiert, welche M\u00f6glichkeiten bestehen und wie wir weiter vorgehen k\u00f6nnten. Datenschutz\" \/>\n<meta property=\"og:url\" content=\"https:\/\/lighting-emotion.art\/en\/unverbindliches-erstgesprach\/\" \/>\n<meta property=\"og:site_name\" content=\"Lighting Emotion\" \/>\n<meta property=\"article:modified_time\" content=\"2026-03-12T17:38:48+00:00\" \/>\n<meta name=\"twitter:card\" content=\"summary_large_image\" \/>\n<meta name=\"twitter:label1\" content=\"Est. reading time\" \/>\n\t<meta name=\"twitter:data1\" content=\"1 minute\" \/>\n<script type=\"application\/ld+json\" class=\"yoast-schema-graph\">{\"@context\":\"https:\/\/schema.org\",\"@graph\":[{\"@type\":\"WebPage\",\"@id\":\"https:\/\/lighting-emotion.art\/unverbindliches-erstgesprach\/\",\"url\":\"https:\/\/lighting-emotion.art\/unverbindliches-erstgesprach\/\",\"name\":\"Unverbindliches Erstgespr\u00e4ch - Lighting Emotion\",\"isPartOf\":{\"@id\":\"https:\/\/lighting-emotion.art\/#website\"},\"datePublished\":\"2026-02-06T09:06:05+00:00\",\"dateModified\":\"2026-03-12T17:38:48+00:00\",\"breadcrumb\":{\"@id\":\"https:\/\/lighting-emotion.art\/unverbindliches-erstgesprach\/#breadcrumb\"},\"inLanguage\":\"en-US\",\"potentialAction\":[{\"@type\":\"ReadAction\",\"target\":[\"https:\/\/lighting-emotion.art\/unverbindliches-erstgesprach\/\"]}]},{\"@type\":\"BreadcrumbList\",\"@id\":\"https:\/\/lighting-emotion.art\/unverbindliches-erstgesprach\/#breadcrumb\",\"itemListElement\":[{\"@type\":\"ListItem\",\"position\":1,\"name\":\"Home\",\"item\":\"https:\/\/lighting-emotion.art\/\"},{\"@type\":\"ListItem\",\"position\":2,\"name\":\"Unverbindliches Erstgespr\u00e4ch\"}]},{\"@type\":\"WebSite\",\"@id\":\"https:\/\/lighting-emotion.art\/#website\",\"url\":\"https:\/\/lighting-emotion.art\/\",\"name\":\"Lighting Emotion\",\"description\":\"\",\"publisher\":{\"@id\":\"https:\/\/lighting-emotion.art\/#organization\"},\"potentialAction\":[{\"@type\":\"SearchAction\",\"target\":{\"@type\":\"EntryPoint\",\"urlTemplate\":\"https:\/\/lighting-emotion.art\/?s={search_term_string}\"},\"query-input\":{\"@type\":\"PropertyValueSpecification\",\"valueRequired\":true,\"valueName\":\"search_term_string\"}}],\"inLanguage\":\"en-US\"},{\"@type\":\"Organization\",\"@id\":\"https:\/\/lighting-emotion.art\/#organization\",\"name\":\"Lighting Emotion\",\"url\":\"https:\/\/lighting-emotion.art\/\",\"logo\":{\"@type\":\"ImageObject\",\"inLanguage\":\"en-US\",\"@id\":\"https:\/\/lighting-emotion.art\/#\/schema\/logo\/image\/\",\"url\":\"https:\/\/lighting-emotion.art\/wp-content\/uploads\/2025\/01\/8b014078b5baa72dc4739117143c0d48-e1773163289398.png\",\"contentUrl\":\"https:\/\/lighting-emotion.art\/wp-content\/uploads\/2025\/01\/8b014078b5baa72dc4739117143c0d48-e1773163289398.png\",\"width\":473,\"height\":395,\"caption\":\"Lighting Emotion\"},\"image\":{\"@id\":\"https:\/\/lighting-emotion.art\/#\/schema\/logo\/image\/\"}}]}<\/script>\n<!-- \/ Yoast SEO plugin. -->","yoast_head_json":{"title":"Unverbindliches Erstgespr\u00e4ch - Lighting Emotion","robots":{"index":"index","follow":"follow","max-snippet":"max-snippet:-1","max-image-preview":"max-image-preview:large","max-video-preview":"max-video-preview:-1"},"canonical":"https:\/\/lighting-emotion.art\/en\/unverbindliches-erstgesprach\/","og_locale":"en_US","og_type":"article","og_title":"Unverbindliches Erstgespr\u00e4ch - Lighting Emotion","og_description":"Unverbindliches Erstgespr\u00e4ch In einem kurzen, unverbindlichen Austausch kl\u00e4ren wir Ihr Anliegen.Wir zeigen Ihnen strukturiert, welche M\u00f6glichkeiten bestehen und wie wir weiter vorgehen k\u00f6nnten. Datenschutz","og_url":"https:\/\/lighting-emotion.art\/en\/unverbindliches-erstgesprach\/","og_site_name":"Lighting Emotion","article_modified_time":"2026-03-12T17:38:48+00:00","twitter_card":"summary_large_image","twitter_misc":{"Est. reading time":"1 minute"},"schema":{"@context":"https:\/\/schema.org","@graph":[{"@type":"WebPage","@id":"https:\/\/lighting-emotion.art\/unverbindliches-erstgesprach\/","url":"https:\/\/lighting-emotion.art\/unverbindliches-erstgesprach\/","name":"Unverbindliches Erstgespr\u00e4ch - Lighting Emotion","isPartOf":{"@id":"https:\/\/lighting-emotion.art\/#website"},"datePublished":"2026-02-06T09:06:05+00:00","dateModified":"2026-03-12T17:38:48+00:00","breadcrumb":{"@id":"https:\/\/lighting-emotion.art\/unverbindliches-erstgesprach\/#breadcrumb"},"inLanguage":"en-US","potentialAction":[{"@type":"ReadAction","target":["https:\/\/lighting-emotion.art\/unverbindliches-erstgesprach\/"]}]},{"@type":"BreadcrumbList","@id":"https:\/\/lighting-emotion.art\/unverbindliches-erstgesprach\/#breadcrumb","itemListElement":[{"@type":"ListItem","position":1,"name":"Home","item":"https:\/\/lighting-emotion.art\/"},{"@type":"ListItem","position":2,"name":"Unverbindliches Erstgespr\u00e4ch"}]},{"@type":"WebSite","@id":"https:\/\/lighting-emotion.art\/#website","url":"https:\/\/lighting-emotion.art\/","name":"Lighting Emotion","description":"","publisher":{"@id":"https:\/\/lighting-emotion.art\/#organization"},"potentialAction":[{"@type":"SearchAction","target":{"@type":"EntryPoint","urlTemplate":"https:\/\/lighting-emotion.art\/?s={search_term_string}"},"query-input":{"@type":"PropertyValueSpecification","valueRequired":true,"valueName":"search_term_string"}}],"inLanguage":"en-US"},{"@type":"Organization","@id":"https:\/\/lighting-emotion.art\/#organization","name":"Lighting Emotion","url":"https:\/\/lighting-emotion.art\/","logo":{"@type":"ImageObject","inLanguage":"en-US","@id":"https:\/\/lighting-emotion.art\/#\/schema\/logo\/image\/","url":"https:\/\/lighting-emotion.art\/wp-content\/uploads\/2025\/01\/8b014078b5baa72dc4739117143c0d48-e1773163289398.png","contentUrl":"https:\/\/lighting-emotion.art\/wp-content\/uploads\/2025\/01\/8b014078b5baa72dc4739117143c0d48-e1773163289398.png","width":473,"height":395,"caption":"Lighting Emotion"},"image":{"@id":"https:\/\/lighting-emotion.art\/#\/schema\/logo\/image\/"}}]}},"_links":{"self":[{"href":"https:\/\/lighting-emotion.art\/en\/wp-json\/wp\/v2\/pages\/2229","targetHints":{"allow":["GET"]}}],"collection":[{"href":"https:\/\/lighting-emotion.art\/en\/wp-json\/wp\/v2\/pages"}],"about":[{"href":"https:\/\/lighting-emotion.art\/en\/wp-json\/wp\/v2\/types\/page"}],"author":[{"embeddable":true,"href":"https:\/\/lighting-emotion.art\/en\/wp-json\/wp\/v2\/users\/2"}],"replies":[{"embeddable":true,"href":"https:\/\/lighting-emotion.art\/en\/wp-json\/wp\/v2\/comments?post=2229"}],"version-history":[{"count":48,"href":"https:\/\/lighting-emotion.art\/en\/wp-json\/wp\/v2\/pages\/2229\/revisions"}],"predecessor-version":[{"id":3178,"href":"https:\/\/lighting-emotion.art\/en\/wp-json\/wp\/v2\/pages\/2229\/revisions\/3178"}],"wp:attachment":[{"href":"https:\/\/lighting-emotion.art\/en\/wp-json\/wp\/v2\/media?parent=2229"}],"curies":[{"name":"wp","href":"https:\/\/api.w.org\/{rel}","templated":true}]}}